{"id":6,"date":"2019-03-25T09:55:26","date_gmt":"2019-03-25T09:55:26","guid":{"rendered":"https:\/\/kordex-ruck.com\/?page_id=6"},"modified":"2025-08-28T05:54:47","modified_gmt":"2025-08-28T05:54:47","slug":"our-story","status":"publish","type":"page","link":"https:\/\/kordex-ruck.com\/?page_id=6","title":{"rendered":"Our Story"},"content":{"rendered":"<p><img decoding=\"async\" src=\"\/wp-content\/uploads\/2025\/08\/man-walking-with-kordex-backpack-on-city-street-1.png\" alt=\"A man seen from behind wears a black KorDex backpack while walking down a cobblestone street lined with restaurants and illuminated by string lights during a warm evening.\"><\/p>\n<h2>Was uns dazu bewegt hat den KorDex Rucksack zu entwickeln<\/h2>\n<h1>Unsere Geschichte<\/h1>\n<div>\n<p data-start=\"277\" data-end=\"547\">Alles begann mit einem einfachen Wunsch: ges\u00fcnder leben. Zwischen Arbeit, Familie und Verpflichtungen blieb oft keine Zeit f\u00fcrs Fitnessstudio. Wir suchten nach einer M\u00f6glichkeit, Bewegung unkompliziert in den Alltag zu integrieren \u2013 praktisch, effektiv und nachhaltig.<\/p>\n<p data-start=\"549\" data-end=\"777\">Dabei entdeckten wir Rucking: Gehen mit einem beschwerten Rucksack. Eine Trainingsform, die simpel, aber unglaublich wirkungsvoll ist. Kein Abo, keine teuren Ger\u00e4te, kein komplizierter Plan. Nur du, dein Rucksack und dein Weg.<\/p>\n<p data-start=\"779\" data-end=\"852\">Es war sofort klar: Das ist mehr als Training \u2013 das ist ein Lebensstil.<\/p>\n<\/div>\n<h2>Woran wir glauben und was uns antreibt.<\/h2>\n<h1>Unsere Mission<\/h1>\n<div>\n<p data-start=\"879\" data-end=\"1000\">Wir wollen Rucking f\u00fcr mehr Menschen zug\u00e4nglich machen. Mit einem Rucksack, der nicht nur funktional ist, sondern auch:<\/p>\n<ul data-start=\"1001\" data-end=\"1116\">\n<li data-start=\"1001\" data-end=\"1040\">\n<p data-start=\"1003\" data-end=\"1040\"><strong data-start=\"1003\" data-end=\"1018\">komfortabel und robust<\/strong> f\u00fcr Training, Abendteuer und auch f\u00fcr lange Strecken,<\/p>\n<\/li>\n<li data-start=\"1041\" data-end=\"1073\">\n<p data-start=\"1043\" data-end=\"1073\"><strong data-start=\"1043\" data-end=\"1055\">stylisch und praktisch <\/strong>f\u00fcr den Alltag,<\/p>\n<\/li>\n<li data-start=\"1074\" data-end=\"1116\">\n<p data-start=\"1076\" data-end=\"1116\"><b>flexibel <\/b>f\u00fcr Einsteiger, Fortgeschrittene und Profis.<\/p>\n<\/li>\n<\/ul>\n<p data-start=\"1118\" data-end=\"1261\">Unser Ziel: Menschen dabei unterst\u00fctzen, Bewegung m\u00fchelos in ihr Leben zu integrieren \u2013 f\u00fcr mehr Ausdauer, Kraft und langfristige Gesundheit.<\/p>\n<\/div>\n<p><img decoding=\"async\" src=\"\/wp-content\/uploads\/2025\/08\/frau-mit-kordex-rucksack-stadtpark.png\" alt=\"Eine sportlich gekleidete Frau tr\u00e4gt einen schwarzen KorDex-Rucksack und geht an einem sonnigen Tag in einem Stadtpark an einem Fluss entlang, mit einer Stadtsilhouette im Hintergrund.\"><br \/>\n<img decoding=\"async\" src=\"\/wp-content\/uploads\/2025\/08\/frau-mit-kordex-rucksack-stadtgasse.png\" alt=\"Eine Frau in sportlicher Kleidung geht mit einem schwarzen KorDex-Rucksack auf einer Kopfsteinpflasterstra\u00dfe durch eine Stadtgasse bei Sonnenuntergang.\"><\/p>\n<h2>Was uns dazu bewegt hat den KorDex Rucksack zu entwickeln<\/h2>\n<h1>Unsere Werte<\/h1>\n<div>\n<ul>\n<li data-start=\"1517\" data-end=\"1571\">\n<p data-start=\"1519\" data-end=\"1571\"><strong data-start=\"1519\" data-end=\"1534\">Einfachheit<\/strong>: Training darf unkompliziert sein.<\/p>\n<\/li>\n<li data-start=\"1572\" data-end=\"1645\">\n<p data-start=\"1574\" data-end=\"1645\"><strong data-start=\"1574\" data-end=\"1588\">Gesundheit<\/strong>: Langlebigkeit und Wohlbefinden stehen im Mittelpunkt.<\/p>\n<\/li>\n<li data-start=\"1646\" data-end=\"1735\">\n<p data-start=\"1648\" data-end=\"1735\"><strong data-start=\"1648\" data-end=\"1660\">Qualit\u00e4t<\/strong>: Unsere Produkte sind f\u00fcr echte Nutzung gemacht \u2013 nicht f\u00fcr die Vitrine.<\/p>\n<\/li>\n<li data-start=\"1736\" data-end=\"1805\">\n<p data-start=\"1738\" data-end=\"1805\"><strong data-start=\"1738\" data-end=\"1751\">Community<\/strong>: Rucking verbindet. Gemeinsam ist der Weg leichter.<\/p>\n<\/li>\n<\/ul>\n<\/div>\n<h2>Wir entwickeln \u2013 und du kannst dabei sein.<\/h2>\n<h1>Wo wir heute stehen<\/h1>\n<div>\n<p data-start=\"888\" data-end=\"1136\">KORDEX ist noch mitten in der Entwicklung. Der erste Prototyp unseres Rucksacks existiert bereits, aber wir sind noch nicht am Ziel. Wir testen Materialien, optimieren Details und feilen am Design.<\/p>\n<p data-start=\"1138\" data-end=\"1390\">Uns ist wichtig, dass unser Produkt nicht nur funktioniert, sondern wirklich deinen Alltag bereichert. Deshalb wollen wir dich in diesen Prozess einbinden. Dein Feedback, deine W\u00fcnsche und deine Erfahrungen sind ein entscheidender Teil unserer Reise.<\/p>\n<p data-start=\"1118\" data-end=\"1261\">Unser Ziel: Menschen dabei unterst\u00fctzen, Bewegung m\u00fchelos in ihr Leben zu integrieren \u2013 f\u00fcr mehr Ausdauer, Kraft und langfristige Gesundheit.<\/p>\n<\/div>\n<p><img decoding=\"async\" src=\"\/wp-content\/uploads\/2025\/08\/mann-business-kordex-rucksack-buero.png\" alt=\"Ein Mann in Business-Casual-Kleidung geht mit einem schwarzen KorDex-Rucksack auf den Eingang eines modernen Glas-B\u00fcrogeb\u00e4udes in einer Stadt zu.\"><\/p>\n<p><!--more--><br \/>\n<!-- {\"type\":\"layout\",\"children\":[{\"type\":\"section\",\"props\":{\"image_position\":\"center-center\",\"padding\":\"large\",\"style\":\"default\",\"title\":\"Unsere Geschichte\",\"title_breakpoint\":\"xl\",\"title_position\":\"top-left\",\"title_rotation\":\"left\",\"vertical_align\":\"\",\"width\":\"default\"},\"children\":[{\"type\":\"row\",\"props\":{\"column_gap\":\"large\",\"divider\":false,\"layout\":\"1-3,2-3\",\"row_gap\":\"large\"},\"children\":[{\"type\":\"column\",\"props\":{\"image_position\":\"center-center\",\"position_sticky_breakpoint\":\"m\",\"width_medium\":\"1-3\"},\"children\":[{\"type\":\"image\",\"props\":{\"image\":\"wp-content\\\/uploads\\\/2025\\\/08\\\/man-walking-with-kordex-backpack-on-city-street-1.png\",\"image_alt\":\"A man seen from behind wears a black KorDex backpack while walking down a cobblestone street lined with restaurants and illuminated by string lights during a warm evening.\",\"image_loading\":true,\"image_svg_color\":\"emphasis\",\"image_width\":\"610\",\"margin\":\"xlarge\",\"margin_remove_top\":false,\"visibility\":\"m\"}}]},{\"type\":\"column\",\"props\":{\"image_position\":\"center-center\",\"position_sticky_breakpoint\":\"m\",\"width_medium\":\"2-3\"},\"children\":[{\"type\":\"headline\",\"props\":{\"block_align_breakpoint\":\"m\",\"block_align_fallback\":\"center\",\"content\":\"Was uns dazu bewegt hat den KorDex Rucksack zu entwickeln\",\"margin\":\"medium\",\"margin_remove_top\":true,\"maxwidth\":\"xlarge\",\"text_align\":\"left\",\"text_align_breakpoint\":\"m\",\"text_align_fallback\":\"center\",\"title_element\":\"h2\"}},{\"type\":\"headline\",\"props\":{\"content\":\"Unsere Geschichte\",\"margin\":\"small\",\"text_align\":\"left\",\"text_align_breakpoint\":\"m\",\"text_align_fallback\":\"center\",\"title_color\":\"muted\",\"title_element\":\"h1\",\"title_style\":\"h6\"}},{\"type\":\"text\",\"props\":{\"block_align_breakpoint\":\"m\",\"block_align_fallback\":\"center\",\"column_breakpoint\":\"m\",\"content\":\"\n\n<p data-start=\\\"277\\\" data-end=\\\"547\\\">Alles begann mit einem einfachen Wunsch: ges\\u00fcnder leben. Zwischen Arbeit, Familie und Verpflichtungen blieb oft keine Zeit f\\u00fcrs Fitnessstudio. Wir suchten nach einer M\\u00f6glichkeit, Bewegung unkompliziert in den Alltag zu integrieren \\u2013 praktisch, effektiv und nachhaltig.<\\\/p>\\n\n\n<p data-start=\\\"549\\\" data-end=\\\"777\\\">Dabei entdeckten wir Rucking: Gehen mit einem beschwerten Rucksack. Eine Trainingsform, die simpel, aber unglaublich wirkungsvoll ist. Kein Abo, keine teuren Ger\\u00e4te, kein komplizierter Plan. Nur du, dein Rucksack und dein Weg.<\\\/p>\\n\n\n<p data-start=\\\"779\\\" data-end=\\\"852\\\">Es war sofort klar: Das ist mehr als Training \\u2013 das ist ein Lebensstil.<\\\/p>\",\"margin\":\"xlarge\",\"margin_remove_top\":true,\"maxwidth\":\"2xlarge\",\"maxwidth_breakpoint\":\"m\",\"text_align\":\"left\"}}]}]}],\"name\":\"About\"},{\"type\":\"section\",\"props\":{\"image_position\":\"center-center\",\"padding\":\"large\",\"style\":\"default\",\"title_breakpoint\":\"xl\",\"title_position\":\"top-left\",\"title_rotation\":\"left\",\"vertical_align\":\"\",\"width\":\"default\"},\"children\":[{\"type\":\"row\",\"props\":{\"column_gap\":\"large\",\"divider\":false,\"layout\":\"2-3,1-3\",\"row_gap\":\"large\"},\"children\":[{\"type\":\"column\",\"props\":{\"image_position\":\"center-center\",\"position_sticky_breakpoint\":\"m\",\"width_medium\":\"2-3\"},\"children\":[{\"type\":\"headline\",\"props\":{\"block_align_breakpoint\":\"m\",\"block_align_fallback\":\"center\",\"content\":\"Woran wir glauben und was uns antreibt.\",\"margin\":\"medium\",\"margin_remove_top\":true,\"maxwidth\":\"xlarge\",\"text_align\":\"left\",\"text_align_breakpoint\":\"m\",\"text_align_fallback\":\"center\",\"title_element\":\"h2\"}},{\"type\":\"headline\",\"props\":{\"content\":\"Unsere Mission\",\"margin\":\"small\",\"text_align\":\"left\",\"text_align_breakpoint\":\"m\",\"text_align_fallback\":\"center\",\"title_color\":\"muted\",\"title_element\":\"h1\",\"title_style\":\"h6\"}},{\"type\":\"text\",\"props\":{\"block_align_breakpoint\":\"m\",\"block_align_fallback\":\"center\",\"column_breakpoint\":\"m\",\"content\":\"\n\n<p data-start=\\\"879\\\" data-end=\\\"1000\\\">Wir wollen Rucking f\\u00fcr mehr Menschen zug\\u00e4nglich machen. Mit einem Rucksack, der nicht nur funktional ist, sondern auch:<\\\/p>\\n\n\n<ul data-start=\\\"1001\\\" data-end=\\\"1116\\\">\\n\n\n<li data-start=\\\"1001\\\" data-end=\\\"1040\\\">\\n\n\n<p data-start=\\\"1003\\\" data-end=\\\"1040\\\"><strong data-start=\\\"1003\\\" data-end=\\\"1018\\\">komfortabel und robust<\\\/strong> f\\u00fcr Training, Abendteuer und auch f\\u00fcr lange Strecken,<\\\/p>\\n<\\\/li>\\n\n\n<li data-start=\\\"1041\\\" data-end=\\\"1073\\\">\\n\n\n<p data-start=\\\"1043\\\" data-end=\\\"1073\\\"><strong data-start=\\\"1043\\\" data-end=\\\"1055\\\">stylisch und praktisch <\\\/strong>f\\u00fcr den Alltag,<\\\/p>\\n<\\\/li>\\n\n\n<li data-start=\\\"1074\\\" data-end=\\\"1116\\\">\\n\n\n<p data-start=\\\"1076\\\" data-end=\\\"1116\\\"><b>flexibel <\\\/b>f\\u00fcr Einsteiger, Fortgeschrittene und Profis.<\\\/p>\\n<\\\/li>\\n<\\\/ul>\\n\n\n<p data-start=\\\"1118\\\" data-end=\\\"1261\\\">Unser Ziel: Menschen dabei unterst\\u00fctzen, Bewegung m\\u00fchelos in ihr Leben zu integrieren \\u2013 f\\u00fcr mehr Ausdauer, Kraft und langfristige Gesundheit.<\\\/p>\",\"margin\":\"xlarge\",\"margin_remove_top\":true,\"maxwidth\":\"2xlarge\",\"maxwidth_breakpoint\":\"m\",\"text_align\":\"left\"}}]},{\"type\":\"column\",\"props\":{\"image_position\":\"center-center\",\"position_sticky_breakpoint\":\"m\",\"width_medium\":\"1-3\"},\"children\":[{\"type\":\"image\",\"props\":{\"image\":\"wp-content\\\/uploads\\\/2025\\\/08\\\/frau-mit-kordex-rucksack-stadtpark.png\",\"image_alt\":\"Eine sportlich gekleidete Frau tr\\u00e4gt einen schwarzen KorDex-Rucksack und geht an einem sonnigen Tag in einem Stadtpark an einem Fluss entlang, mit einer Stadtsilhouette im Hintergrund.\",\"image_loading\":true,\"image_svg_color\":\"emphasis\",\"image_width\":\"610\",\"margin\":\"xlarge\",\"margin_remove_top\":false,\"visibility\":\"m\"}}]}]}],\"name\":\"About\"},{\"type\":\"section\",\"props\":{\"image_position\":\"center-center\",\"padding\":\"large\",\"style\":\"default\",\"title_breakpoint\":\"xl\",\"title_position\":\"top-left\",\"title_rotation\":\"left\",\"vertical_align\":\"\",\"width\":\"default\"},\"children\":[{\"type\":\"row\",\"props\":{\"column_gap\":\"large\",\"divider\":false,\"layout\":\"1-3,2-3\",\"row_gap\":\"large\"},\"children\":[{\"type\":\"column\",\"props\":{\"image_position\":\"center-center\",\"position_sticky_breakpoint\":\"m\",\"width_medium\":\"1-3\"},\"children\":[{\"type\":\"image\",\"props\":{\"image\":\"wp-content\\\/uploads\\\/2025\\\/08\\\/frau-mit-kordex-rucksack-stadtgasse.png\",\"image_alt\":\"Eine Frau in sportlicher Kleidung geht mit einem schwarzen KorDex-Rucksack auf einer Kopfsteinpflasterstra\\u00dfe durch eine Stadtgasse bei Sonnenuntergang.\",\"image_loading\":true,\"image_svg_color\":\"emphasis\",\"image_width\":\"610\",\"margin\":\"xlarge\",\"margin_remove_top\":false,\"visibility\":\"m\"}}]},{\"type\":\"column\",\"props\":{\"image_position\":\"center-center\",\"position_sticky_breakpoint\":\"m\",\"width_medium\":\"2-3\"},\"children\":[{\"type\":\"headline\",\"props\":{\"block_align_breakpoint\":\"m\",\"block_align_fallback\":\"center\",\"content\":\"Was uns dazu bewegt hat den KorDex Rucksack zu entwickeln\",\"margin\":\"medium\",\"margin_remove_top\":true,\"maxwidth\":\"xlarge\",\"text_align\":\"left\",\"text_align_breakpoint\":\"m\",\"text_align_fallback\":\"center\",\"title_element\":\"h2\"}},{\"type\":\"headline\",\"props\":{\"content\":\"Unsere Werte\",\"margin\":\"small\",\"text_align\":\"left\",\"text_align_breakpoint\":\"m\",\"text_align_fallback\":\"center\",\"title_color\":\"muted\",\"title_element\":\"h1\",\"title_style\":\"h6\"}},{\"type\":\"text\",\"props\":{\"block_align_breakpoint\":\"m\",\"block_align_fallback\":\"center\",\"column_breakpoint\":\"m\",\"content\":\"\n\n<ul>\\n\n\n<li data-start=\\\"1517\\\" data-end=\\\"1571\\\">\\n\n\n<p data-start=\\\"1519\\\" data-end=\\\"1571\\\"><strong data-start=\\\"1519\\\" data-end=\\\"1534\\\">Einfachheit<\\\/strong>: Training darf unkompliziert sein.<\\\/p>\\n<\\\/li>\\n\n\n<li data-start=\\\"1572\\\" data-end=\\\"1645\\\">\\n\n\n<p data-start=\\\"1574\\\" data-end=\\\"1645\\\"><strong data-start=\\\"1574\\\" data-end=\\\"1588\\\">Gesundheit<\\\/strong>: Langlebigkeit und Wohlbefinden stehen im Mittelpunkt.<\\\/p>\\n<\\\/li>\\n\n\n<li data-start=\\\"1646\\\" data-end=\\\"1735\\\">\\n\n\n<p data-start=\\\"1648\\\" data-end=\\\"1735\\\"><strong data-start=\\\"1648\\\" data-end=\\\"1660\\\">Qualit\\u00e4t<\\\/strong>: Unsere Produkte sind f\\u00fcr echte Nutzung gemacht \\u2013 nicht f\\u00fcr die Vitrine.<\\\/p>\\n<\\\/li>\\n\n\n<li data-start=\\\"1736\\\" data-end=\\\"1805\\\">\\n\n\n<p data-start=\\\"1738\\\" data-end=\\\"1805\\\"><strong data-start=\\\"1738\\\" data-end=\\\"1751\\\">Community<\\\/strong>: Rucking verbindet. Gemeinsam ist der Weg leichter.<\\\/p>\\n<\\\/li>\\n<\\\/ul>\",\"margin\":\"xlarge\",\"margin_remove_top\":true,\"maxwidth\":\"2xlarge\",\"maxwidth_breakpoint\":\"m\",\"text_align\":\"left\"}}]}]}],\"name\":\"About\"},{\"type\":\"section\",\"props\":{\"image_position\":\"center-center\",\"padding\":\"large\",\"style\":\"default\",\"title_breakpoint\":\"xl\",\"title_position\":\"top-left\",\"title_rotation\":\"left\",\"vertical_align\":\"\",\"width\":\"default\"},\"children\":[{\"type\":\"row\",\"props\":{\"column_gap\":\"large\",\"divider\":false,\"layout\":\"2-3,1-3\",\"row_gap\":\"large\"},\"children\":[{\"type\":\"column\",\"props\":{\"image_position\":\"center-center\",\"position_sticky_breakpoint\":\"m\",\"width_medium\":\"2-3\"},\"children\":[{\"type\":\"headline\",\"props\":{\"block_align_breakpoint\":\"m\",\"block_align_fallback\":\"center\",\"content\":\"Wir entwickeln \\u2013 und du kannst dabei sein.\",\"margin\":\"medium\",\"margin_remove_top\":true,\"maxwidth\":\"xlarge\",\"text_align\":\"left\",\"text_align_breakpoint\":\"m\",\"text_align_fallback\":\"center\",\"title_element\":\"h2\"}},{\"type\":\"headline\",\"props\":{\"content\":\"Wo wir heute stehen\",\"margin\":\"small\",\"text_align\":\"left\",\"text_align_breakpoint\":\"m\",\"text_align_fallback\":\"center\",\"title_color\":\"muted\",\"title_element\":\"h1\",\"title_style\":\"h6\"}},{\"type\":\"text\",\"props\":{\"block_align_breakpoint\":\"m\",\"block_align_fallback\":\"center\",\"column_breakpoint\":\"m\",\"content\":\"\n\n<p data-start=\\\"888\\\" data-end=\\\"1136\\\">KORDEX ist noch mitten in der Entwicklung. Der erste Prototyp unseres Rucksacks existiert bereits, aber wir sind noch nicht am Ziel. Wir testen Materialien, optimieren Details und feilen am Design.<\\\/p>\\n\n\n<p data-start=\\\"1138\\\" data-end=\\\"1390\\\">Uns ist wichtig, dass unser Produkt nicht nur funktioniert, sondern wirklich deinen Alltag bereichert. Deshalb wollen wir dich in diesen Prozess einbinden. Dein Feedback, deine W\\u00fcnsche und deine Erfahrungen sind ein entscheidender Teil unserer Reise.<\\\/p>\\n\n\n<p data-start=\\\"1118\\\" data-end=\\\"1261\\\">Unser Ziel: Menschen dabei unterst\\u00fctzen, Bewegung m\\u00fchelos in ihr Leben zu integrieren \\u2013 f\\u00fcr mehr Ausdauer, Kraft und langfristige Gesundheit.<\\\/p>\",\"margin\":\"xlarge\",\"margin_remove_top\":true,\"maxwidth\":\"2xlarge\",\"maxwidth_breakpoint\":\"m\",\"text_align\":\"left\"}}]},{\"type\":\"column\",\"props\":{\"image_position\":\"center-center\",\"position_sticky_breakpoint\":\"m\",\"width_medium\":\"1-3\"},\"children\":[{\"type\":\"image\",\"props\":{\"image\":\"wp-content\\\/uploads\\\/2025\\\/08\\\/mann-business-kordex-rucksack-buero.png\",\"image_alt\":\"Ein Mann in Business-Casual-Kleidung geht mit einem schwarzen KorDex-Rucksack auf den Eingang eines modernen Glas-B\\u00fcrogeb\\u00e4udes in einer Stadt zu.\",\"image_loading\":true,\"image_svg_color\":\"emphasis\",\"image_width\":\"610\",\"margin\":\"xlarge\",\"margin_remove_top\":false,\"visibility\":\"m\"}}]}]}],\"name\":\"About\"},{\"type\":\"section\",\"props\":{\"image_position\":\"center-center\",\"style\":\"default\",\"title_breakpoint\":\"xl\",\"title_position\":\"top-left\",\"title_rotation\":\"left\",\"vertical_align\":\"middle\",\"width\":\"default\"},\"children\":[{\"type\":\"row\",\"children\":[{\"type\":\"column\",\"props\":{\"image_position\":\"center-center\",\"position_sticky_breakpoint\":\"m\"},\"children\":[{\"type\":\"comments\",\"props\":{\"link_style\":\"default\",\"margin\":\"default\",\"title_decoration\":\"bullet\",\"title_element\":\"h2\",\"title_style\":\"h3\"}}]}]}]}],\"version\":\"4.5.24\"} --><\/p>\n","protected":false},"excerpt":{"rendered":"<p>Was uns dazu bewegt hat den KorDex Rucksack zu entwickeln Unsere Geschichte Alles begann mit einem einfachen Wunsch: ges\u00fcnder leben. Zwischen Arbeit, Familie und Verpflichtungen blieb oft keine Zeit f\u00fcrs Fitnessstudio. Wir suchten nach einer M\u00f6glichkeit, Bewegung unkompliziert in den Alltag zu integrieren \u2013 praktisch, effektiv und nachhaltig. Dabei entdeckten wir Rucking: Gehen mit einem [&hellip;]<\/p>\n","protected":false},"author":1,"featured_media":0,"parent":0,"menu_order":6,"comment_status":"closed","ping_status":"closed","template":"","meta":{"_acf_changed":false,"footnotes":""},"class_list":["post-6","page","type-page","status-publish","hentry"],"acf":[],"_links":{"self":[{"href":"https:\/\/kordex-ruck.com\/index.php?rest_route=\/wp\/v2\/pages\/6","targetHints":{"allow":["GET"]}}],"collection":[{"href":"https:\/\/kordex-ruck.com\/index.php?rest_route=\/wp\/v2\/pages"}],"about":[{"href":"https:\/\/kordex-ruck.com\/index.php?rest_route=\/wp\/v2\/types\/page"}],"author":[{"embeddable":true,"href":"https:\/\/kordex-ruck.com\/index.php?rest_route=\/wp\/v2\/users\/1"}],"replies":[{"embeddable":true,"href":"https:\/\/kordex-ruck.com\/index.php?rest_route=%2Fwp%2Fv2%2Fcomments&post=6"}],"version-history":[{"count":31,"href":"https:\/\/kordex-ruck.com\/index.php?rest_route=\/wp\/v2\/pages\/6\/revisions"}],"predecessor-version":[{"id":2432,"href":"https:\/\/kordex-ruck.com\/index.php?rest_route=\/wp\/v2\/pages\/6\/revisions\/2432"}],"wp:attachment":[{"href":"https:\/\/kordex-ruck.com\/index.php?rest_route=%2Fwp%2Fv2%2Fmedia&parent=6"}],"curies":[{"name":"wp","href":"https:\/\/api.w.org\/{rel}","templated":true}]}}